{"id":7,"date":"2025-11-12T10:37:00","date_gmt":"2025-11-12T09:37:00","guid":{"rendered":"https:\/\/rose-de-provence.com\/index.php\/piscine\/"},"modified":"2025-12-22T09:38:07","modified_gmt":"2025-12-22T08:38:07","slug":"camping-piscine-chauffee-riez","status":"publish","type":"page","link":"https:\/\/rose-de-provence.com\/fr\/camping-piscine-chauffee-riez\/","title":{"rendered":"Piscine"},"content":{"rendered":"\n<div class=\"wp-block-group section-1 has-global-padding is-layout-constrained wp-container-core-group-is-layout-f4942596 wp-block-group-is-layout-constrained\" style=\"padding-top:6rem;padding-right:10rem;padding-bottom:4rem;padding-left:10rem\">\n<div class=\"wp-block-columns is-layout-flex wp-container-core-columns-is-layout-b23a18ed wp-block-columns-is-layout-flex\">\n<div class=\"wp-block-column left is-layout-flow wp-block-column-is-layout-flow\" style=\"flex-basis:66.66%\">\n<figure class=\"wp-block-image size-full\"><img decoding=\"async\" width=\"1820\" height=\"1024\" src=\"https:\/\/rose-de-provence.com\/wp-content\/uploads\/2025\/11\/camping-avec-piscine-pres-du-riez.jpg\" alt=\"camping avec piscine pr\u00e8s du riez\" class=\"wp-image-1005\"\/><\/figure>\n\n\n\n<h1 class=\"wp-block-heading has-custom-color-2-color has-text-color has-link-color wp-elements-4d9d01dc3c2bf56534f3fa29debabdc0\" style=\"margin-top:3rem;margin-right:2rem;margin-bottom:3rem;margin-left:2rem\">Camping avec piscine chauff\u00e9e <mark style=\"background-color:#a7b282;color:#ffffff\" class=\"has-inline-color\">\u00e0 Riez<\/mark><\/h1>\n\n\n\n<p style=\"margin-top:0px;margin-right:2rem;margin-bottom:0px;margin-left:2rem\">Offrez-vous des vacances sous le signe de la d\u00e9tente et du bien-\u00eatre dans notre camping avec piscine \u00e0 Riez. Id\u00e9alement situ\u00e9 entre champs de lavande et paysages du Verdon, notre <a href=\"https:\/\/rose-de-provence.com\/fr\/\" data-type=\"page\" data-id=\"5\">camping proche du lac de Sainte-Croix<\/a> met \u00e0 votre disposition un <strong>espace aquatique chaleureux et convivial<\/strong>.<\/p>\n\n\n\n<p style=\"margin-top:0px;margin-right:2rem;margin-bottom:0px;margin-left:2rem\">Petits et grands profiteront de moments de baignade inoubliables dans une ambiance familiale, \u00e0 deux pas du village.<\/p>\n<\/div>\n\n\n\n<div class=\"wp-block-column right is-layout-flow wp-block-column-is-layout-flow\" style=\"flex-basis:33.33%\">\n<figure class=\"wp-block-image size-full\" style=\"margin-top:8rem\"><img decoding=\"async\" width=\"1024\" height=\"1820\" src=\"https:\/\/rose-de-provence.com\/wp-content\/uploads\/2025\/11\/camping-piscine-riez.jpg\" alt=\"camping piscine riez\" class=\"wp-image-1021\"\/><\/figure>\n<\/div>\n<\/div>\n<\/div>\n\n\n\n<div class=\"wp-block-group gt_1-cta-1photofull_001 has-global-padding is-layout-constrained wp-container-core-group-is-layout-ed0d3ee8 wp-block-group-is-layout-constrained\" style=\"margin-top:0px;margin-bottom:0px;padding-right:0px;padding-left:0px\">\n<div class=\"wp-block-cover is-light gt-multiple-images-cover has-slider\" style=\"padding-right:10rem;padding-left:10rem;min-height:100vh;aspect-ratio:unset;\" data-image-ids=\"[1074,1003]\"><div class=\"gt-is-slider swiper-container\" data-swiper=\"{&quot;speed&quot;:1000,&quot;autoplay&quot;:{&quot;delay&quot;:5000,&quot;disableOnInteraction&quot;:false},&quot;spaceBetween&quot;:0,&quot;slidesPerView&quot;:1,&quot;pagination&quot;:{&quot;el&quot;:&quot;.swiper-pagination&quot;,&quot;dynamicBullets&quot;:true,&quot;clickable&quot;:true,&quot;type&quot;:&quot;bullets&quot;},&quot;navigation&quot;:{&quot;nextEl&quot;:&quot;.swiper-button-next&quot;,&quot;prevEl&quot;:&quot;.swiper-button-prev&quot;},&quot;breakpoints&quot;:[{&quot;slidesPerView&quot;:1}],&quot;effect&quot;:&quot;fade&quot;}\"><div class=\"swiper-wrapper\"><div class=\"swiper-slide\"><img decoding=\"async\" src=\"https:\/\/rose-de-provence.com\/wp-content\/uploads\/2025\/11\/flamand-rose-de-provence.jpg\" alt=\"flamand rose de provence\" class=\"gt-cover-image\" \/><\/div><div class=\"swiper-slide\"><img decoding=\"async\" src=\"https:\/\/rose-de-provence.com\/wp-content\/uploads\/2025\/11\/camping-avec-piscine-pres-du-lac-de-Sainte-Croix-1.jpg\" alt=\"camping avec piscine pr\u00e8s du lac de Sainte Croix\" class=\"gt-cover-image\" \/><\/div><\/div><\/div><span aria-hidden=\"true\" class=\"wp-block-cover__background has-background-dim\"><\/span><div class=\"wp-block-cover__inner-container has-global-padding is-layout-constrained wp-container-core-cover-is-layout-f4426c34 wp-block-cover-is-layout-constrained\">\n<div class=\"wp-block-columns is-layout-flex wp-container-core-columns-is-layout-65a7aca3 wp-block-columns-is-layout-flex\">\n<div class=\"wp-block-column left is-layout-flow wp-block-column-is-layout-flow\" style=\"padding-top:2rem;flex-basis:55%\">\n<p class=\"has-base-2-color has-text-color has-link-color wp-elements-63ef836bb330e5888d86b1c8d3d5bb13\" style=\"margin-bottom:2rem;font-size:clamp(3.615rem, 3.615rem + ((1vw - 0.2rem) * 6.475), 7.5rem);font-style:normal;font-weight:700;line-height:1;text-transform:uppercase\">Un <mark style=\"background-color:#43c9be;color:#ffffff\" class=\"has-inline-color\">plouf<\/mark><\/p>\n\n\n\n<p class=\"has-base-2-color has-text-color has-link-color wp-elements-368a438a510ef2e9ad80261de5ac920d\" style=\"margin-top:0px;margin-bottom:0px;font-size:clamp(2.629rem, 2.629rem + ((1vw - 0.2rem) * 3.952), 5rem);font-style:normal;font-weight:400;line-height:1;text-transform:uppercase\">Bien chaud!<\/p>\n<\/div>\n\n\n\n<div class=\"wp-block-column right has-base-2-background-color has-background is-layout-flow wp-block-column-is-layout-flow\" style=\"padding-top:4rem;padding-right:4rem;padding-bottom:4rem;padding-left:4rem;flex-basis:45%\">\n<h2 class=\"wp-block-heading has-custom-color-2-color has-text-color has-link-color wp-elements-5cc8ddb2883932acfd526d3b10a9a0a8\">Piscine chauff\u00e9e : baignade nature pr\u00e8s du lac de Sainte-Croix<\/h2>\n\n\n\n<p>D\u2019<strong>avril \u00e0 septembre<\/strong>, tous les jours de <strong>10h \u00e0 19h 30 ou 20h 00 en haute saison<\/strong>, notre piscine chauff\u00e9e vous accueille pour des instants de d\u00e9tente sous le soleil proven\u00e7al.<\/p>\n\n\n\n<p>Cet espace est pens\u00e9 pour offrir une exp\u00e9rience unique de baignade dans un <strong>environnement calme et verdoyant<\/strong>. <\/p>\n\n\n\n<p>Apr\u00e8s une journ\u00e9e d\u2019excursion dans les Gorges du Verdon, quel plaisir de plonger dans une eau temp\u00e9r\u00e9e et relaxante ! <\/p>\n\n\n\n<p>Un vrai atout pour vos vacances dans un camping avec piscine pr\u00e8s du lac de Sainte-Croix.<\/p>\n<\/div>\n<\/div>\n<\/div><\/div>\n<\/div>\n\n\n\n<div class=\"wp-block-group section-simple has-global-padding is-layout-constrained wp-container-core-group-is-layout-160feed4 wp-block-group-is-layout-constrained\" style=\"margin-top:0px;margin-bottom:0px;padding-top:6rem;padding-right:10rem;padding-bottom:6rem;padding-left:10rem\">\n<div class=\"wp-block-columns are-vertically-aligned-center is-layout-flex wp-container-core-columns-is-layout-b23a18ed wp-block-columns-is-layout-flex\">\n<div class=\"wp-block-column is-vertically-aligned-center left is-layout-flow wp-block-column-is-layout-flow\">\n<h2 class=\"wp-block-heading has-text-align-left has-custom-color-1-color has-text-color has-link-color wp-elements-57328651a0fb34afb990d4066681b231\">Grand bassin avec espace balneo : pleine d\u00e9tente \u00e0 Riez<\/h2>\n\n\n\n<p>Le <strong>grand bassin de 12 m x 4 m<\/strong> est parfait pour alterner les activit\u00e9s aquatiques : nager quelques brasses, jouer avec les enfants ou simplement se rafra\u00eechir.<\/p>\n\n\n\n<p>Vous pourrez aussi vous installer sur le <strong>banc baln\u00e9o<\/strong>, dont les buses massantes permettent de rel\u00e2cher toutes les tensions. <\/p>\n\n\n\n<p>Ce coin relaxation vous promet de v\u00e9ritables moments de bien-\u00eatre, dans l\u2019ambiance conviviale de notre camping \u00e0 Riez.<\/p>\n<\/div>\n\n\n\n<div class=\"wp-block-column is-vertically-aligned-center right is-layout-flow wp-block-column-is-layout-flow\">\n<div data-swiper=\"{&quot;speed&quot;:400,&quot;spaceBetween&quot;:16,&quot;slidesPerView&quot;:3,&quot;createElements&quot;:true,&quot;loop&quot;:true,&quot;freemode&quot;:true,&quot;navigation&quot;:{&quot;nextEl&quot;:&quot;buttonNext&quot;,&quot;prevEl&quot;:&quot;buttonPrev&quot;},&quot;pagination&quot;:{&quot;el&quot;:&quot;.swiper-pagination&quot;,&quot;dynamicBullets&quot;:true},&quot;breakpoints&quot;:[{&quot;slidesPerView&quot;:1}],&quot;autoplay&quot;:{&quot;delay&quot;:3000},&quot;effect&quot;:&quot;fade&quot;}\" class=\"wp-block-group gt-is-slider gt-is-slider-desktop has-global-padding is-layout-constrained wp-container-core-group-is-layout-12243e0f wp-block-group-is-layout-constrained\">\n<figure class=\"wp-block-image size-full\"><img decoding=\"async\" width=\"2000\" height=\"1500\" src=\"https:\/\/rose-de-provence.com\/wp-content\/uploads\/2025\/11\/balneo-camping-rose-de-provence.jpg\" alt=\"baln\u00e9o camping rose de provence\" class=\"wp-image-1034\"\/><\/figure>\n\n\n\n<figure class=\"wp-block-image size-large\"><img decoding=\"async\" width=\"1024\" height=\"768\" src=\"https:\/\/rose-de-provence.com\/wp-content\/uploads\/2025\/11\/bassin-piscine-rose-de-provence-1024x768.jpg\" alt=\"bassin piscine rose de provence\" class=\"wp-image-1031\"\/><\/figure>\n<\/div>\n<\/div>\n<\/div>\n<\/div>\n\n\n\n<div class=\"wp-block-group section-simple-2 has-custom-color-1-background-color has-background has-global-padding is-layout-constrained wp-container-core-group-is-layout-8404e8af wp-block-group-is-layout-constrained\" style=\"padding-top:4rem;padding-right:10rem;padding-bottom:4rem;padding-left:10rem\">\n<figure class=\"wp-block-image size-full is-resized shape\"><img decoding=\"async\" width=\"552\" height=\"810\" src=\"https:\/\/rose-de-provence.com\/wp-content\/uploads\/2025\/11\/dessin-rose-complete-fond.svg\" alt=\"dessin rose complete fond\" class=\"wp-image-180\" style=\"object-fit:cover;width:1221px;height:963px\"\/><\/figure>\n\n\n\n<div class=\"wp-block-columns are-vertically-aligned-center is-layout-flex wp-container-core-columns-is-layout-f8b42d8e wp-block-columns-is-layout-flex\" style=\"padding-right:0rem;padding-left:0rem\">\n<div class=\"wp-block-column is-vertically-aligned-center is-layout-flow wp-block-column-is-layout-flow\" style=\"flex-basis:60%\">\n<div data-swiper=\"{&quot;speed&quot;:400,&quot;spaceBetween&quot;:16,&quot;slidesPerView&quot;:3,&quot;createElements&quot;:true,&quot;loop&quot;:true,&quot;freemode&quot;:true,&quot;navigation&quot;:{&quot;nextEl&quot;:&quot;buttonNext&quot;,&quot;prevEl&quot;:&quot;buttonPrev&quot;},&quot;pagination&quot;:{&quot;el&quot;:&quot;.swiper-pagination&quot;,&quot;dynamicBullets&quot;:true},&quot;breakpoints&quot;:[{&quot;slidesPerView&quot;:1}],&quot;autoplay&quot;:{&quot;delay&quot;:3000},&quot;effect&quot;:&quot;fade&quot;}\" class=\"wp-block-group gt-is-slider gt-is-slider-desktop has-global-padding is-layout-constrained wp-container-core-group-is-layout-12243e0f wp-block-group-is-layout-constrained\">\n<figure class=\"wp-block-image size-large\"><img decoding=\"async\" width=\"1024\" height=\"682\" src=\"https:\/\/rose-de-provence.com\/wp-content\/uploads\/2025\/11\/piscine-camping-rose-de-provence-1-1024x682.jpg\" alt=\"piscine camping rose de provence\" class=\"wp-image-1043\"\/><\/figure>\n\n\n\n<figure class=\"wp-block-image size-large\"><img decoding=\"async\" width=\"1024\" height=\"726\" src=\"https:\/\/rose-de-provence.com\/wp-content\/uploads\/2025\/11\/camping-au-coeur-des-alpes-de-haute-provence-1024x726.webp\" alt=\"camping au coeur des alpes de haute provence\" class=\"wp-image-100\"\/><\/figure>\n<\/div>\n<\/div>\n\n\n\n<div class=\"wp-block-column is-vertically-aligned-center is-layout-flow wp-block-column-is-layout-flow\" style=\"flex-basis:40%\">\n<h2 class=\"wp-block-heading has-text-align-left has-base-2-color has-text-color has-link-color wp-elements-627b7c74281f7317d890e424ae4393e9\">Camping avec pataugeoire pour les tout-petits<\/h2>\n\n\n\n<p class=\"has-base-2-color has-text-color has-link-color wp-elements-36bbddeb7989e0ec9eb08f5fd8cf458f\">Parce que les vacances sont encore plus belles quand elles se vivent en famille, les plus jeunes ont, eux aussi, leur espace privil\u00e9gi\u00e9. <\/p>\n\n\n\n<p class=\"has-base-2-color has-text-color has-link-color wp-elements-00a5e2010ba346706d3b22e2f6c33ee9\">La <strong>pataugeoire<\/strong> leur permet de s\u2019initier aux joies de l\u2019eau en toute s\u00e9curit\u00e9, sous l\u2019\u0153il bienveillant de leurs parents. <\/p>\n\n\n\n<p class=\"has-base-2-color has-text-color has-link-color wp-elements-c6bafa42c142df82bda80c61a0faaafe\">Avec son faible niveau d\u2019eau, elle est sp\u00e9cialement con\u00e7ue pour que les enfants puissent barboter et s\u2019amuser en toute tranquillit\u00e9, dans le cadre familial de notre camping avec piscine pr\u00e8s du lac de Sainte-Croix.<\/p>\n<\/div>\n<\/div>\n<\/div>\n\n\n\n<div class=\"wp-block-group gt_1-cta-1photofull_001 has-global-padding is-layout-constrained wp-container-core-group-is-layout-ed0d3ee8 wp-block-group-is-layout-constrained\" style=\"margin-top:0px;margin-bottom:0px;padding-right:0px;padding-left:0px\">\n<div class=\"wp-block-cover is-light gt-multiple-images-cover has-slider\" style=\"padding-right:10rem;padding-left:10rem;min-height:100vh;aspect-ratio:unset;\" data-image-ids=\"[1049]\"><div class=\"gt-is-slider swiper-container\" data-swiper=\"{&quot;speed&quot;:1000,&quot;autoplay&quot;:{&quot;delay&quot;:5000,&quot;disableOnInteraction&quot;:false},&quot;spaceBetween&quot;:0,&quot;slidesPerView&quot;:1,&quot;pagination&quot;:{&quot;el&quot;:&quot;.swiper-pagination&quot;,&quot;dynamicBullets&quot;:true,&quot;clickable&quot;:true,&quot;type&quot;:&quot;bullets&quot;},&quot;navigation&quot;:{&quot;nextEl&quot;:&quot;.swiper-button-next&quot;,&quot;prevEl&quot;:&quot;.swiper-button-prev&quot;},&quot;breakpoints&quot;:[{&quot;slidesPerView&quot;:1}],&quot;effect&quot;:&quot;fade&quot;}\"><div class=\"swiper-wrapper\"><div class=\"swiper-slide\"><img decoding=\"async\" src=\"https:\/\/rose-de-provence.com\/wp-content\/uploads\/2025\/11\/camping-et-piscine-riez-e1764070909506.jpg\" alt=\"camping et piscine riez\" class=\"gt-cover-image\" \/><\/div><\/div><\/div><span aria-hidden=\"true\" class=\"wp-block-cover__background has-background-dim\"><\/span><div class=\"wp-block-cover__inner-container has-global-padding is-layout-constrained wp-container-core-cover-is-layout-f4426c34 wp-block-cover-is-layout-constrained\">\n<div class=\"wp-block-columns is-layout-flex wp-container-core-columns-is-layout-65a7aca3 wp-block-columns-is-layout-flex\">\n<div class=\"wp-block-column right has-base-2-background-color has-background is-layout-flow wp-block-column-is-layout-flow\" style=\"padding-top:4rem;padding-right:4rem;padding-bottom:4rem;padding-left:4rem;flex-basis:45%\">\n<h2 class=\"wp-block-heading has-custom-color-2-color has-text-color has-link-color wp-elements-4f13eda1fbb73e2ad0e2f04d7eed71a7\">Solarium et transats sous le soleil proven\u00e7al<\/h2>\n\n\n\n<p>Autour de la piscine, profitez d\u2019un <strong>solarium avec transats<\/strong> et salons de jardin pour alterner baignade et farniente. \u00c0 l\u2019ombre d\u2019un parasol ou en plein soleil, installez-vous confortablement et laissez-vous bercer par le calme du lieu. <\/p>\n\n\n\n<p>Entre deux plongeons, admirez les paysages environnants, typiques des Alpes-de-Haute-Provence. La piscine du camping Rose de Provence est le lieu parfait pour <strong>se ressourcer apr\u00e8s vos escapades<\/strong> dans le Verdon ou vos balades \u00e0 v\u00e9lo autour du lac.<\/p>\n<\/div>\n\n\n\n<div class=\"wp-block-column left is-layout-flow wp-block-column-is-layout-flow\" style=\"padding-top:2rem;flex-basis:55%\">\n<p class=\"has-base-2-color has-text-color has-link-color wp-elements-ff12c0cc23268e52b47bf0ad19267f3a\" style=\"margin-bottom:2rem;font-size:clamp(3.615rem, 3.615rem + ((1vw - 0.2rem) * 6.475), 7.5rem);font-style:normal;font-weight:700;line-height:1;text-transform:uppercase\"><mark style=\"background-color:#43c9be;color:#ffffff\" class=\"has-inline-color\"><strong><strong>D\u00e9tente<\/strong><\/strong><\/mark><\/p>\n\n\n\n<p class=\"has-base-2-color has-text-color has-link-color wp-elements-121beade5a8a8945f92fe76b36a2ac35\" style=\"margin-top:0px;margin-bottom:0px;font-size:clamp(2.629rem, 2.629rem + ((1vw - 0.2rem) * 3.952), 5rem);font-style:normal;font-weight:400;line-height:1;text-transform:uppercase\">au soleil !<\/p>\n<\/div>\n<\/div>\n<\/div><\/div>\n<\/div>\n\n\n\n<div class=\"wp-block-group section-maillage has-global-padding is-layout-constrained wp-container-core-group-is-layout-187900ab wp-block-group-is-layout-constrained\" style=\"margin-top:0px;margin-bottom:0px;padding-top:4rem;padding-right:10rem;padding-bottom:4rem;padding-left:10rem\">\n<div class=\"wp-block-group title has-global-padding is-layout-constrained wp-container-core-group-is-layout-d08630a9 wp-block-group-is-layout-constrained\" style=\"padding-right:0rem;padding-left:0rem\">\n<p class=\"has-text-align-center has-custom-color-2-color has-text-color has-link-color wp-elements-074834be63196159cd8dd3afa50b296d\" style=\"margin-top:0px;margin-bottom:0px;font-size:clamp(1.512rem, 1.512rem + ((1vw - 0.2rem) * 1.68), 2.52rem);font-style:normal;font-weight:400;line-height:1;text-transform:uppercase\">D\u00e9couvrez nos diff\u00e9rents<\/p>\n\n\n\n<p class=\"has-text-align-center has-custom-color-1-color has-text-color has-link-color wp-elements-16b5735340650b1470bdce1a4f17dea3\" style=\"margin-top:0px;margin-bottom:0px;font-size:clamp(2.2rem, 2.2rem + ((1vw - 0.2rem) * 3), 4rem);font-style:normal;font-weight:700;line-height:1;text-transform:uppercase\">services &amp; locations<\/p>\n<\/div>\n\n\n\n<div data-swiper=\"{&quot;speed&quot;:400,&quot;spaceBetween&quot;:16,&quot;slidesPerView&quot;:3,&quot;createElements&quot;:true,&quot;loop&quot;:true,&quot;freemode&quot;:true,&quot;navigation&quot;:{&quot;nextEl&quot;:&quot;buttonNext&quot;,&quot;prevEl&quot;:&quot;buttonPrev&quot;},&quot;pagination&quot;:{&quot;el&quot;:&quot;.swiper-pagination&quot;,&quot;dynamicBullets&quot;:true},&quot;breakpoints&quot;:{&quot;0&quot;:{&quot;slidesPerView&quot;:1},&quot;1024&quot;:{&quot;slidesPerView&quot;:3}},&quot;autoplay&quot;:{&quot;delay&quot;:3000}}\" data-wp-context=\"{}\" data-wp-interactive=\"core\/query\" data-wp-key=\"0\" data-wp-router-region=\"query-0\" class=\"wp-block-query alignwide gt-fse-maillage-query gt-is-slider gt-is-slider-desktop is-layout-flow wp-block-query-is-layout-flow\"><ul class=\"columns-3 wp-block-post-template is-layout-grid wp-container-core-post-template-is-layout-572542b5 wp-block-post-template-is-layout-grid\"><li data-wp-key=\"post-template-item-9\" class=\"wp-block-post post-9 page type-page status-publish has-post-thumbnail hentry\">\n<a href=\"https:\/\/rose-de-provence.com\/fr\/location-emplacement-riez\/\"    class=\"wp-block-tiptip-hyperlink-group-block\" >\n<div data-swiper=\"{&quot;speed&quot;:1000,&quot;autoplay&quot;:{&quot;delay&quot;:5000,&quot;disableOnInteraction&quot;:false},&quot;spaceBetween&quot;:0,&quot;slidesPerView&quot;:1,&quot;pagination&quot;:{&quot;el&quot;:&quot;.swiper-pagination&quot;,&quot;dynamicBullets&quot;:true,&quot;clickable&quot;:true,&quot;type&quot;:&quot;bullets&quot;},&quot;navigation&quot;:{&quot;nextEl&quot;:&quot;.swiper-button-next&quot;,&quot;prevEl&quot;:&quot;.swiper-button-prev&quot;},&quot;breakpoints&quot;:[{&quot;slidesPerView&quot;:1}]}\" class=\"wp-block-cover\"><span aria-hidden=\"true\" class=\"wp-block-cover__background has-black-background-color has-background-dim-10 has-background-dim\"><\/span><img decoding=\"async\" width=\"2000\" height=\"1125\" src=\"https:\/\/rose-de-provence.com\/wp-content\/uploads\/2025\/11\/emplacements-camping-lac-de-Sainte-Croix.jpg\" class=\"wp-block-cover__image-background wp-post-image\" alt=\"emplacements camping lac de Sainte Croix\" data-object-fit=\"cover\" \/><div class=\"wp-block-cover__inner-container has-global-padding is-layout-constrained wp-block-cover-is-layout-constrained\">\n<p class=\"has-text-align-center has-base-2-color has-text-color has-link-color has-large-font-size wp-elements-1cc7f21fb3cdac9188954511e6025974\">Emplacements<\/p>\n<\/div><\/div>\n<\/a>\n<\/li><li data-wp-key=\"post-template-item-8\" class=\"wp-block-post post-8 page type-page status-publish has-post-thumbnail hentry\">\n<a href=\"https:\/\/rose-de-provence.com\/fr\/location-mobil-home-insolite-riez\/\"    class=\"wp-block-tiptip-hyperlink-group-block\" >\n<div data-swiper=\"{&quot;speed&quot;:1000,&quot;autoplay&quot;:{&quot;delay&quot;:5000,&quot;disableOnInteraction&quot;:false},&quot;spaceBetween&quot;:0,&quot;slidesPerView&quot;:1,&quot;pagination&quot;:{&quot;el&quot;:&quot;.swiper-pagination&quot;,&quot;dynamicBullets&quot;:true,&quot;clickable&quot;:true,&quot;type&quot;:&quot;bullets&quot;},&quot;navigation&quot;:{&quot;nextEl&quot;:&quot;.swiper-button-next&quot;,&quot;prevEl&quot;:&quot;.swiper-button-prev&quot;},&quot;breakpoints&quot;:[{&quot;slidesPerView&quot;:1}]}\" class=\"wp-block-cover\"><span aria-hidden=\"true\" class=\"wp-block-cover__background has-black-background-color has-background-dim-10 has-background-dim\"><\/span><img decoding=\"async\" width=\"2000\" height=\"1125\" src=\"https:\/\/rose-de-provence.com\/wp-content\/uploads\/2025\/11\/location-mobil-home-riez.jpg\" class=\"wp-block-cover__image-background wp-post-image\" alt=\"location mobil home riez\" data-object-fit=\"cover\" \/><div class=\"wp-block-cover__inner-container has-global-padding is-layout-constrained wp-block-cover-is-layout-constrained\">\n<p class=\"has-text-align-center has-base-2-color has-text-color has-link-color has-large-font-size wp-elements-1cc7f21fb3cdac9188954511e6025974\">Locations<\/p>\n<\/div><\/div>\n<\/a>\n<\/li><li data-wp-key=\"post-template-item-6\" class=\"wp-block-post post-6 page type-page status-publish has-post-thumbnail hentry\">\n<a href=\"https:\/\/rose-de-provence.com\/fr\/camping-familial-riez\/\"    class=\"wp-block-tiptip-hyperlink-group-block\" >\n<div data-swiper=\"{&quot;speed&quot;:1000,&quot;autoplay&quot;:{&quot;delay&quot;:5000,&quot;disableOnInteraction&quot;:false},&quot;spaceBetween&quot;:0,&quot;slidesPerView&quot;:1,&quot;pagination&quot;:{&quot;el&quot;:&quot;.swiper-pagination&quot;,&quot;dynamicBullets&quot;:true,&quot;clickable&quot;:true,&quot;type&quot;:&quot;bullets&quot;},&quot;navigation&quot;:{&quot;nextEl&quot;:&quot;.swiper-button-next&quot;,&quot;prevEl&quot;:&quot;.swiper-button-prev&quot;},&quot;breakpoints&quot;:[{&quot;slidesPerView&quot;:1}]}\" class=\"wp-block-cover\"><span aria-hidden=\"true\" class=\"wp-block-cover__background has-black-background-color has-background-dim-10 has-background-dim\"><\/span><img decoding=\"async\" width=\"2000\" height=\"1125\" src=\"https:\/\/rose-de-provence.com\/wp-content\/uploads\/2025\/11\/Camping-a-Riez-pres-du-lac-de-Sainte-Croix.jpg\" class=\"wp-block-cover__image-background wp-post-image\" alt=\"Camping \u00e0 Riez pr\u00e8s du lac de Sainte Croix\" data-object-fit=\"cover\" \/><div class=\"wp-block-cover__inner-container has-global-padding is-layout-constrained wp-block-cover-is-layout-constrained\">\n<p class=\"has-text-align-center has-base-2-color has-text-color has-link-color has-large-font-size wp-elements-1cc7f21fb3cdac9188954511e6025974\">Services et activit\u00e9s<\/p>\n<\/div><\/div>\n<\/a>\n<\/li><\/ul><\/div>\n<\/div>\n","protected":false},"excerpt":{"rendered":"<p>Camping avec piscine chauff\u00e9e \u00e0 Riez Offrez-vous des vacances sous le signe de la d\u00e9tente et du bien-\u00eatre dans notre camping avec piscine \u00e0 Riez. Id\u00e9alement situ\u00e9 entre champs de lavande et paysages du Verdon, notre camping proche du lac de Sainte-Croix met \u00e0 votre disposition un espace aquatique chaleureux et convivial. Petits et grands [&hellip;]<\/p>\n","protected":false},"author":1,"featured_media":1007,"parent":0,"menu_order":0,"comment_status":"closed","ping_status":"closed","template":"","meta":{"_acf_changed":false,"_seopress_robots_primary_cat":"","_seopress_titles_title":"Camping avec piscine chauff\u00e9e \u00e0 Riez, proche lac de Sainte-Croix","_seopress_titles_desc":"Au Camping Rose de Provence-Verdon vous profiterez de notre piscine chauff\u00e9e et bassin pour enfants","_seopress_robots_index":"","_gt_ctv_global_id":"2700","_gt_ctv_id_group":false,"inline_featured_image":false,"gt_fse_maillage_image":"https:\/\/rose-de-provence.com\/wp-content\/uploads\/2025\/11\/camping-avec-piscine-chauffee-a-riez.webp","gt_fse_maillage_titre":"Piscine","gt_fse_maillage_alt":"Piscine","gt_fse_maillage_resume":"","footnotes":""},"categories":[],"tags":[],"class_list":["post-7","page","type-page","status-publish","has-post-thumbnail","hentry"],"acf":[],"_links":{"self":[{"href":"https:\/\/rose-de-provence.com\/fr\/wp-json\/wp\/v2\/pages\/7","targetHints":{"allow":["GET"]}}],"collection":[{"href":"https:\/\/rose-de-provence.com\/fr\/wp-json\/wp\/v2\/pages"}],"about":[{"href":"https:\/\/rose-de-provence.com\/fr\/wp-json\/wp\/v2\/types\/page"}],"author":[{"embeddable":true,"href":"https:\/\/rose-de-provence.com\/fr\/wp-json\/wp\/v2\/users\/1"}],"replies":[{"embeddable":true,"href":"https:\/\/rose-de-provence.com\/fr\/wp-json\/wp\/v2\/comments?post=7"}],"version-history":[{"count":69,"href":"https:\/\/rose-de-provence.com\/fr\/wp-json\/wp\/v2\/pages\/7\/revisions"}],"predecessor-version":[{"id":1904,"href":"https:\/\/rose-de-provence.com\/fr\/wp-json\/wp\/v2\/pages\/7\/revisions\/1904"}],"wp:featuredmedia":[{"embeddable":true,"href":"https:\/\/rose-de-provence.com\/fr\/wp-json\/wp\/v2\/media\/1007"}],"wp:attachment":[{"href":"https:\/\/rose-de-provence.com\/fr\/wp-json\/wp\/v2\/media?parent=7"}],"wp:term":[{"taxonomy":"category","embeddable":true,"href":"https:\/\/rose-de-provence.com\/fr\/wp-json\/wp\/v2\/categories?post=7"},{"taxonomy":"post_tag","embeddable":true,"href":"https:\/\/rose-de-provence.com\/fr\/wp-json\/wp\/v2\/tags?post=7"}],"curies":[{"name":"wp","href":"https:\/\/api.w.org\/{rel}","templated":true}]}}